{"id":105,"date":"2020-06-17T14:33:49","date_gmt":"2020-06-17T14:33:49","guid":{"rendered":"https:\/\/m3net.com\/?page_id=105"},"modified":"2020-06-17T14:36:11","modified_gmt":"2020-06-17T14:36:11","slug":"products","status":"publish","type":"page","link":"https:\/\/m3net.com\/?page_id=105","title":{"rendered":"products"},"content":{"rendered":"<p>[et_pb_section fb_built=&#8220;1&#8243; _builder_version=&#8220;4.4.8&#8243; custom_margin=&#8220;0px|0px|0px|0px|false|false&#8220; custom_padding=&#8220;0px|0px|0px|0px|false|false&#8220;][et_pb_row _builder_version=&#8220;4.4.8&#8243; width=&#8220;100%&#8220; custom_margin=&#8220;0px|0px|0px|0px|false|false&#8220; custom_padding=&#8220;0px|0px|0px|0px|false|false&#8220;][et_pb_column type=&#8220;4_4&#8243; _builder_version=&#8220;4.4.8&#8243;][et_pb_gallery gallery_ids=&#8220;111,110,109,108&#8243; fullwidth=&#8220;on&#8220; _builder_version=&#8220;4.4.8&#8243; hover_enabled=&#8220;0&#8243; auto=&#8220;on&#8220; animation_style=&#8220;slide&#8220;][\/et_pb_gallery][\/et_pb_column][\/et_pb_row][et_pb_row _builder_version=&#8220;4.4.8&#8243;][et_pb_column type=&#8220;4_4&#8243; _builder_version=&#8220;4.4.8&#8243;][et_pb_text _builder_version=&#8220;4.4.8&#8243; custom_margin=&#8220;||0px||false|false&#8220;]<\/p>\n<h2>products<\/h2>\n<p>[\/et_pb_text][et_pb_divider _builder_version=&#8220;4.4.8&#8243; height=&#8220;1px&#8220; custom_margin=&#8220;||0px||false|false&#8220; custom_padding=&#8220;||0px||false|false&#8220;][\/et_pb_divider][\/et_pb_column][\/et_pb_row][et_pb_row _builder_version=&#8220;4.4.8&#8243; custom_margin=&#8220;0px||||false|false&#8220; custom_padding=&#8220;0px||||false|false&#8220;][et_pb_column type=&#8220;4_4&#8243; _builder_version=&#8220;4.4.8&#8243;][et_pb_text _builder_version=&#8220;4.4.8&#8243; text_font_size=&#8220;16px&#8220;]<\/p>\n<p><span>auf den folgenden seiten finden sie eine kleine, feine Auswahl von extrastarken Werbeartikeln.<\/span><\/p>\n<h3><span>Titleist Golfb\u00e4lle<\/span><\/h3>\n<p><span>ein unglaublich starker Kontakt zu Ihren golfenden Kunden \u2013 die immer zahlreicher werden.<\/span><br \/> <span>Sollten Sie an die Veranstaltung \/ das Sponsoring eines Golfturnieres denken, sind wir gerne Ihr Gesp\u00e4chspartner.<\/span><\/p>\n<h3><span>Prodir Schreibger\u00e4te<\/span><\/h3>\n<p><span>einfach die besten im Billigsegment.<\/span><br \/> <span>Tolles Design, state of the art Verarbeitungsqualit\u00e4t, hohes Prestige beim Empf\u00e4nger.<\/span><\/p>\n<h3><span>Tragtaschen<\/span><\/h3>\n<p><span>sind grossfl\u00e4chige Werbetr\u00e4ger f\u00fcr jeden Einsatz.<\/span><\/p>\n<p>[\/et_pb_text][\/et_pb_column][\/et_pb_row][\/et_pb_section]<\/p>\n","protected":false},"excerpt":{"rendered":"<p>productsauf den folgenden seiten finden sie eine kleine, feine Auswahl von extrastarken Werbeartikeln. Titleist Golfb\u00e4lle ein unglaublich starker Kontakt zu Ihren golfenden Kunden \u2013 die immer zahlreicher werden. Sollten Sie an die Veranstaltung \/ das Sponsoring eines Golfturnieres denken, sind wir gerne Ihr Gesp\u00e4chspartner. Prodir Schreibger\u00e4te einfach die besten im Billigsegment. Tolles Design, state of [&hellip;]<\/p>\n","protected":false},"author":1,"featured_media":0,"parent":0,"menu_order":20,"comment_status":"closed","ping_status":"closed","template":"","meta":{"_et_pb_use_builder":"on","_et_pb_old_content":"","_et_gb_content_width":""},"_links":{"self":[{"href":"https:\/\/m3net.com\/index.php?rest_route=\/wp\/v2\/pages\/105"}],"collection":[{"href":"https:\/\/m3net.com\/index.php?rest_route=\/wp\/v2\/pages"}],"about":[{"href":"https:\/\/m3net.com\/index.php?rest_route=\/wp\/v2\/types\/page"}],"author":[{"embeddable":true,"href":"https:\/\/m3net.com\/index.php?rest_route=\/wp\/v2\/users\/1"}],"replies":[{"embeddable":true,"href":"https:\/\/m3net.com\/index.php?rest_route=%2Fwp%2Fv2%2Fcomments&post=105"}],"version-history":[{"count":3,"href":"https:\/\/m3net.com\/index.php?rest_route=\/wp\/v2\/pages\/105\/revisions"}],"predecessor-version":[{"id":115,"href":"https:\/\/m3net.com\/index.php?rest_route=\/wp\/v2\/pages\/105\/revisions\/115"}],"wp:attachment":[{"href":"https:\/\/m3net.com\/index.php?rest_route=%2Fwp%2Fv2%2Fmedia&parent=105"}],"curies":[{"name":"wp","href":"https:\/\/api.w.org\/{rel}","templated":true}]}}