{"id":117,"date":"2020-06-17T14:41:43","date_gmt":"2020-06-17T14:41:43","guid":{"rendered":"https:\/\/m3net.com\/?page_id=117"},"modified":"2020-06-24T06:37:57","modified_gmt":"2020-06-24T06:37:57","slug":"golf-und-golfbaelle","status":"publish","type":"page","link":"https:\/\/m3net.com\/?page_id=117","title":{"rendered":"golfb\u00e4lle und logob\u00e4lle"},"content":{"rendered":"<p>[et_pb_section fb_built=&#8220;1&#8243; _builder_version=&#8220;4.4.8&#8243; custom_margin=&#8220;0px|0px|0px|0px|false|false&#8220; custom_padding=&#8220;0px|0px|0px|0px|false|false&#8220;][et_pb_row _builder_version=&#8220;4.4.8&#8243; width=&#8220;100%&#8220; custom_margin=&#8220;0px|0px|0px|0px|false|false&#8220; custom_padding=&#8220;0px|0px|0px|0px|false|false&#8220;][et_pb_column type=&#8220;4_4&#8243; _builder_version=&#8220;4.4.8&#8243;][et_pb_image src=&#8220;https:\/\/m3net.com\/wp-content\/uploads\/2020\/06\/titleistLogoHeader.png&#8220; title_text=&#8220;titleistLogoHeader&#8220; force_fullwidth=&#8220;on&#8220; _builder_version=&#8220;4.4.8&#8243;][\/et_pb_image][\/et_pb_column][\/et_pb_row][et_pb_row _builder_version=&#8220;4.4.8&#8243;][et_pb_column type=&#8220;4_4&#8243; _builder_version=&#8220;4.4.8&#8243;][et_pb_text _builder_version=&#8220;4.4.8&#8243; custom_margin=&#8220;||0px||false|false&#8220;]<\/p>\n<h2>golfb\u00e4lle \/ logob\u00e4lle<\/h2>\n<p>[\/et_pb_text][et_pb_divider _builder_version=&#8220;4.4.8&#8243; height=&#8220;1px&#8220; custom_margin=&#8220;||0px||false|false&#8220; custom_padding=&#8220;||0px||false|false&#8220;][\/et_pb_divider][\/et_pb_column][\/et_pb_row][et_pb_row column_structure=&#8220;1_2,1_4,1_4&#8243; _builder_version=&#8220;4.4.8&#8243; custom_margin=&#8220;0px||||false|false&#8220; custom_padding=&#8220;0px||||false|false&#8220;][et_pb_column type=&#8220;1_2&#8243; _builder_version=&#8220;4.4.8&#8243;][et_pb_text _builder_version=&#8220;4.4.8&#8243; text_font_size=&#8220;16px&#8220; header_2_line_height=&#8220;1.5em&#8220;]<\/p>\n<div class=\"m-section-header\">\n<h2 class=\"ext-h1\">Aus diesen Gr\u00fcnden Titleist als Logoball<\/h2>\n<\/div>\n<p>Seit mehr als einem halben Jahrhundert ist Titleist in der Industrie f\u00fchrend hinsichtlich Qualit\u00e4t, Leistung und technologischer Innovation. \u00dcberall auf der Welt vertrauen Golfer auf die Leistung und Best\u00e4ndigkeit von Titleist. Kein Wunder also, dass Titleist auch der Logo-Ball Nr. 1 ist! Mit dem Besten in Verbindung zu stehen\u00a0sendet die richtigen Signale an Ihre Gesch\u00e4ftspartner, Firmenkunden und Mitarbeiter. Es ist daher die richtige Entscheidung, den eigenen Namen mit dem Besten im Golf zu verbinden.<\/p>\n<p>[\/et_pb_text][\/et_pb_column][et_pb_column type=&#8220;1_4&#8243; _builder_version=&#8220;4.4.8&#8243;][\/et_pb_column][et_pb_column type=&#8220;1_4&#8243; _builder_version=&#8220;4.4.8&#8243;][et_pb_image src=&#8220;https:\/\/m3net.com\/wp-content\/uploads\/2020\/06\/logoball.png&#8220; title_text=&#8220;logoball&#8220; align=&#8220;center&#8220; _builder_version=&#8220;4.4.8&#8243;][\/et_pb_image][\/et_pb_column][\/et_pb_row][et_pb_row column_structure=&#8220;1_2,1_4,1_4&#8243; _builder_version=&#8220;4.4.8&#8243; custom_margin=&#8220;0px||||false|false&#8220; custom_padding=&#8220;0px||||false|false&#8220;][et_pb_column type=&#8220;1_2&#8243; _builder_version=&#8220;4.4.8&#8243;][et_pb_text _builder_version=&#8220;4.4.8&#8243; text_font_size=&#8220;16px&#8220; header_2_line_height=&#8220;1.5em&#8220;]<\/p>\n<div class=\"m-section-header\">\n<div class=\"m-section-header\">\n<h2 class=\"ext-h1\"><\/h2>\n<h2 class=\"ext-h1\">Golfb\u00e4lle mit Logo<\/h2>\n<\/div>\n<p>Wir sind in der Lage, jedes beliebige Logo perfekt zu reproduzieren. Wir drucken mit bis zu 5 Farben und bieten dar\u00fcber hinaus auch Schattierungen an. Dadurch sind wir in der Lage, sogar Fotos auf Golfb\u00e4lle zu \u00fcbertragen.<br \/> Von der einfachen Textzeile bis zum filigranen Mehrfarbdruck\u00a0\u00a0&#8211; Ihr Logo wird auf jedem unserer Titleist-Golfb\u00e4lle bestens pr\u00e4sentiert.<\/p>\n<\/div>\n<p>[\/et_pb_text][\/et_pb_column][et_pb_column type=&#8220;1_4&#8243; _builder_version=&#8220;4.4.8&#8243;][\/et_pb_column][et_pb_column type=&#8220;1_4&#8243; _builder_version=&#8220;4.4.8&#8243;][et_pb_image src=&#8220;https:\/\/m3net.com\/wp-content\/uploads\/2020\/06\/logoballRolex.png&#8220; title_text=&#8220;logoballRolex&#8220; align=&#8220;center&#8220; _builder_version=&#8220;4.4.8&#8243;][\/et_pb_image][\/et_pb_column][\/et_pb_row][et_pb_row column_structure=&#8220;3_5,2_5&#8243; _builder_version=&#8220;4.4.8&#8243;][et_pb_column type=&#8220;3_5&#8243; _builder_version=&#8220;4.4.8&#8243;][et_pb_text _builder_version=&#8220;4.4.8&#8243; header_2_line_height=&#8220;1.5em&#8220; hover_enabled=&#8220;0&#8243;]<\/p>\n<div class=\"m-section-header\">\n<h2 class=\"ext-h1\">Individuelle Verpackungen<\/h2>\n<p class=\"ext-h1\"><span style=\"font-size: 16px;\">Titleist bietet dar\u00fcber hinaus auch eine Reihe von Verpackungen an, die statt einem ganzen Dutzend nur ein halbes Dutzend B\u00e4lle enthalten. Sie sind wertige Geschenke und Aufmerksamkeiten f\u00fcr unterschiedlichste Gelegenheiten &#8211; sei es in Verbindung mit einer Visitenkarte, mit einem Turnier oder einfach um ein paar Logo-Golfb\u00e4lle zu verschenken.<\/span><\/p>\n<h4 class=\"ext-h1\"><\/h4>\n<\/div>\n<p>[\/et_pb_text][et_pb_text _builder_version=&#8220;4.4.8&#8243; header_2_line_height=&#8220;1.5em&#8220; hover_enabled=&#8220;0&#8243; text_font_size=&#8220;19px&#8220;]<\/p>\n<div class=\"m-section-header\">\n<p class=\"ext-h1\"><a href=\"https:\/\/www.titleist.de\" target=\"_blank\" rel=\"noopener noreferrer\">www.titleist.com<\/a><br \/> <span style=\"font-size: 16px;\"><\/span><\/p>\n<\/div>\n<p>[\/et_pb_text][\/et_pb_column][et_pb_column type=&#8220;2_5&#8243; _builder_version=&#8220;4.4.8&#8243;][et_pb_image src=&#8220;https:\/\/m3net.com\/wp-content\/uploads\/2020\/06\/titleistVerp.jpg&#8220; title_text=&#8220;titleistVerp&#8220; align=&#8220;center&#8220; _builder_version=&#8220;4.4.8&#8243; hover_enabled=&#8220;0&#8243;][\/et_pb_image][\/et_pb_column][\/et_pb_row][\/et_pb_section]<\/p>\n","protected":false},"excerpt":{"rendered":"<p>golfb\u00e4lle \/ logob\u00e4lle Aus diesen Gr\u00fcnden Titleist als Logoball Seit mehr als einem halben Jahrhundert ist Titleist in der Industrie f\u00fchrend hinsichtlich Qualit\u00e4t, Leistung und technologischer Innovation. \u00dcberall auf der Welt vertrauen Golfer auf die Leistung und Best\u00e4ndigkeit von Titleist. Kein Wunder also, dass Titleist auch der Logo-Ball Nr. 1 ist! Mit dem Besten in [&hellip;]<\/p>\n","protected":false},"author":1,"featured_media":0,"parent":105,"menu_order":10,"comment_status":"closed","ping_status":"closed","template":"","meta":{"_et_pb_use_builder":"on","_et_pb_old_content":"","_et_gb_content_width":""},"_links":{"self":[{"href":"https:\/\/m3net.com\/index.php?rest_route=\/wp\/v2\/pages\/117"}],"collection":[{"href":"https:\/\/m3net.com\/index.php?rest_route=\/wp\/v2\/pages"}],"about":[{"href":"https:\/\/m3net.com\/index.php?rest_route=\/wp\/v2\/types\/page"}],"author":[{"embeddable":true,"href":"https:\/\/m3net.com\/index.php?rest_route=\/wp\/v2\/users\/1"}],"replies":[{"embeddable":true,"href":"https:\/\/m3net.com\/index.php?rest_route=%2Fwp%2Fv2%2Fcomments&post=117"}],"version-history":[{"count":12,"href":"https:\/\/m3net.com\/index.php?rest_route=\/wp\/v2\/pages\/117\/revisions"}],"predecessor-version":[{"id":279,"href":"https:\/\/m3net.com\/index.php?rest_route=\/wp\/v2\/pages\/117\/revisions\/279"}],"up":[{"embeddable":true,"href":"https:\/\/m3net.com\/index.php?rest_route=\/wp\/v2\/pages\/105"}],"wp:attachment":[{"href":"https:\/\/m3net.com\/index.php?rest_route=%2Fwp%2Fv2%2Fmedia&parent=117"}],"curies":[{"name":"wp","href":"https:\/\/api.w.org\/{rel}","templated":true}]}}