{"id":179,"date":"2020-06-17T15:28:47","date_gmt":"2020-06-17T15:28:47","guid":{"rendered":"https:\/\/m3net.com\/?page_id=179"},"modified":"2020-06-23T17:56:32","modified_gmt":"2020-06-23T17:56:32","slug":"prodir","status":"publish","type":"page","link":"https:\/\/m3net.com\/?page_id=179","title":{"rendered":"prodir"},"content":{"rendered":"<p>[et_pb_section fb_built=&#8220;1&#8243; _builder_version=&#8220;4.4.8&#8243; custom_margin=&#8220;0px|0px|0px|0px|false|false&#8220; custom_padding=&#8220;0px|0px|0px|0px|false|false&#8220;][et_pb_row _builder_version=&#8220;4.4.8&#8243; width=&#8220;100%&#8220; custom_margin=&#8220;0px|0px|0px|0px|false|false&#8220; custom_padding=&#8220;0px|0px|0px|0px|false|false&#8220;][et_pb_column type=&#8220;4_4&#8243; _builder_version=&#8220;4.4.8&#8243;][et_pb_image src=&#8220;https:\/\/m3net.com\/wp-content\/uploads\/2020\/06\/prodirNeu.png&#8220; title_text=&#8220;prodir Schreibger\u00e4te&#8220; force_fullwidth=&#8220;on&#8220; _builder_version=&#8220;4.4.8&#8243;][\/et_pb_image][\/et_pb_column][\/et_pb_row][et_pb_row _builder_version=&#8220;4.4.8&#8243;][et_pb_column type=&#8220;4_4&#8243; _builder_version=&#8220;4.4.8&#8243;][et_pb_text _builder_version=&#8220;4.4.8&#8243; custom_margin=&#8220;||0px||false|false&#8220;]<\/p>\n<h2>prodir<\/h2>\n<p>[\/et_pb_text][et_pb_divider _builder_version=&#8220;4.4.8&#8243; height=&#8220;1px&#8220; custom_margin=&#8220;||0px||false|false&#8220; custom_padding=&#8220;||0px||false|false&#8220;][\/et_pb_divider][\/et_pb_column][\/et_pb_row][et_pb_row column_structure=&#8220;3_4,1_4&#8243; _builder_version=&#8220;4.4.8&#8243; custom_margin=&#8220;0px||||false|false&#8220; custom_padding=&#8220;0px||||false|false&#8220;][et_pb_column type=&#8220;3_4&#8243; _builder_version=&#8220;4.4.8&#8243;][et_pb_text _builder_version=&#8220;4.4.8&#8243; text_font_size=&#8220;16px&#8220; hover_enabled=&#8220;0&#8243;]<\/p>\n<h3><span>Prodir Personality Pens<\/span><\/h3>\n<h5><span><strong>SWISS MADE<\/strong><\/span><\/h5>\n<p><span>Qualit\u00e4t und Kreativit\u00e4t sind das, was Prodir zu Ihrer Werbebotschaft beitragen kann. Die Schweizer wollen dabei nichts dem Zufall \u00fcberlassen. Deshalb k\u00fcmmern sie sich selbst um alles. Von der Spitze bis zur Kappe. Von Design bis zum Versand. Vom Spritzen des Schafts bis zum Druck des Clips. Auf hoch modernen Maschinen und mit erfahrenem Personal<\/span><\/p>\n<p class=\"p1\"><span class=\"s1\">20<\/span><span class=\"s2\"> verschiedene Modelle, <\/span><span class=\"s1\">16<\/span><span class=\"s2\"> verschiedene Oberfl\u00e4chen,<\/span><\/p>\n<p><a href=\"https:\/\/www.prodir.com\/de\" target=\"_blank\" rel=\"noopener noreferrer\"><span>www.prodir.com<\/span><\/a><\/p>\n<p>[\/et_pb_text][\/et_pb_column][et_pb_column type=&#8220;1_4&#8243; _builder_version=&#8220;4.4.8&#8243;][\/et_pb_column][\/et_pb_row][\/et_pb_section]<\/p>\n","protected":false},"excerpt":{"rendered":"<p>prodirProdir Personality Pens SWISS MADE Qualit\u00e4t und Kreativit\u00e4t sind das, was Prodir zu Ihrer Werbebotschaft beitragen kann. Die Schweizer wollen dabei nichts dem Zufall \u00fcberlassen. Deshalb k\u00fcmmern sie sich selbst um alles. Von der Spitze bis zur Kappe. Von Design bis zum Versand. Vom Spritzen des Schafts bis zum Druck des Clips. Auf hoch modernen [&hellip;]<\/p>\n","protected":false},"author":1,"featured_media":0,"parent":105,"menu_order":20,"comment_status":"closed","ping_status":"closed","template":"","meta":{"_et_pb_use_builder":"on","_et_pb_old_content":"","_et_gb_content_width":""},"_links":{"self":[{"href":"https:\/\/m3net.com\/index.php?rest_route=\/wp\/v2\/pages\/179"}],"collection":[{"href":"https:\/\/m3net.com\/index.php?rest_route=\/wp\/v2\/pages"}],"about":[{"href":"https:\/\/m3net.com\/index.php?rest_route=\/wp\/v2\/types\/page"}],"author":[{"embeddable":true,"href":"https:\/\/m3net.com\/index.php?rest_route=\/wp\/v2\/users\/1"}],"replies":[{"embeddable":true,"href":"https:\/\/m3net.com\/index.php?rest_route=%2Fwp%2Fv2%2Fcomments&post=179"}],"version-history":[{"count":7,"href":"https:\/\/m3net.com\/index.php?rest_route=\/wp\/v2\/pages\/179\/revisions"}],"predecessor-version":[{"id":258,"href":"https:\/\/m3net.com\/index.php?rest_route=\/wp\/v2\/pages\/179\/revisions\/258"}],"up":[{"embeddable":true,"href":"https:\/\/m3net.com\/index.php?rest_route=\/wp\/v2\/pages\/105"}],"wp:attachment":[{"href":"https:\/\/m3net.com\/index.php?rest_route=%2Fwp%2Fv2%2Fmedia&parent=179"}],"curies":[{"name":"wp","href":"https:\/\/api.w.org\/{rel}","templated":true}]}}