{"id":198,"date":"2020-06-17T15:39:21","date_gmt":"2020-06-17T15:39:21","guid":{"rendered":"https:\/\/m3net.com\/?page_id=198"},"modified":"2020-06-17T15:40:16","modified_gmt":"2020-06-17T15:40:16","slug":"tragtaschen","status":"publish","type":"page","link":"https:\/\/m3net.com\/?page_id=198","title":{"rendered":"tragtaschen"},"content":{"rendered":"<p>[et_pb_section fb_built=&#8220;1&#8243; _builder_version=&#8220;4.4.8&#8243; custom_margin=&#8220;0px|0px|0px|0px|false|false&#8220; custom_padding=&#8220;0px|0px|0px|0px|false|false&#8220;][et_pb_row _builder_version=&#8220;4.4.8&#8243; width=&#8220;100%&#8220; custom_margin=&#8220;0px|0px|0px|0px|false|false&#8220; custom_padding=&#8220;0px|0px|0px|0px|false|false&#8220;][et_pb_column type=&#8220;4_4&#8243; _builder_version=&#8220;4.4.8&#8243;][et_pb_image src=&#8220;https:\/\/m3net.com\/wp-content\/uploads\/2020\/06\/bag_head.jpg&#8220; title_text=&#8220;bag_head&#8220; force_fullwidth=&#8220;on&#8220; _builder_version=&#8220;4.4.8&#8243; hover_enabled=&#8220;0&#8243;][\/et_pb_image][\/et_pb_column][\/et_pb_row][et_pb_row _builder_version=&#8220;4.4.8&#8243;][et_pb_column type=&#8220;4_4&#8243; _builder_version=&#8220;4.4.8&#8243;][et_pb_text _builder_version=&#8220;4.4.8&#8243; custom_margin=&#8220;||0px||false|false&#8220; hover_enabled=&#8220;0&#8243;]<\/p>\n<h2>tragtaschen<\/h2>\n<p>[\/et_pb_text][et_pb_divider _builder_version=&#8220;4.4.8&#8243; height=&#8220;1px&#8220; custom_margin=&#8220;||0px||false|false&#8220; custom_padding=&#8220;||0px||false|false&#8220;][\/et_pb_divider][\/et_pb_column][\/et_pb_row][et_pb_row column_structure=&#8220;3_4,1_4&#8243; _builder_version=&#8220;4.4.8&#8243; custom_margin=&#8220;0px||||false|false&#8220; custom_padding=&#8220;0px||||false|false&#8220;][et_pb_column type=&#8220;3_4&#8243; _builder_version=&#8220;4.4.8&#8243;][et_pb_text _builder_version=&#8220;4.4.8&#8243; text_font_size=&#8220;16px&#8220; hover_enabled=&#8220;0&#8243;]<\/p>\n<h3><span>Tragtaschen, Tragtaschen &amp; nochmals Tragtaschen<\/span><\/h3>\n<p><span>Unser Lieferant ist Hersteller exklusiver Papier- und Folientragetaschen. Die Tragetaschen dienen Dank stetiger technischer und stilistischer Forschung nicht nur als einfaches Transportmittel Ihres Produktes, sondern helfen auch mit, Ihren Namen am Markt werbewirksam zu plazieren und steigern somit den Bekanntheitsgrad Ihres Unternehmens. Individuell gestaltete Tragetaschen werden bei Messen, Veranstaltungen, Tagungen und anderen Aktionen eingesetzt. Mit kontinuierlicher technischer und stilistischer Entwicklung, passen wir unsere Produkte den Modetrends an.<\/span><\/p>\n<p><span>Diese Taschen sind f\u00fcr jede Verkaufsaktion geeignet und ein fester Bestandteil jeder Werbekonzeption. Werbegeschenke k\u00f6nnen direkt dem Empf\u00e4nger \u00fcberreicht und somit Versandkosten gespart werden. Ein sicherer Erfolg!<\/span><\/p>\n<p>&nbsp;<\/p>\n<p>[\/et_pb_text][\/et_pb_column][et_pb_column type=&#8220;1_4&#8243; _builder_version=&#8220;4.4.8&#8243;][\/et_pb_column][\/et_pb_row][\/et_pb_section]<\/p>\n","protected":false},"excerpt":{"rendered":"<p>tragtaschen Tragtaschen, Tragtaschen &amp; nochmals Tragtaschen Unser Lieferant ist Hersteller exklusiver Papier- und Folientragetaschen. Die Tragetaschen dienen Dank stetiger technischer und stilistischer Forschung nicht nur als einfaches Transportmittel Ihres Produktes, sondern helfen auch mit, Ihren Namen am Markt werbewirksam zu plazieren und steigern somit den Bekanntheitsgrad Ihres Unternehmens. Individuell gestaltete Tragetaschen werden bei Messen, Veranstaltungen, [&hellip;]<\/p>\n","protected":false},"author":1,"featured_media":0,"parent":105,"menu_order":30,"comment_status":"closed","ping_status":"closed","template":"","meta":{"_et_pb_use_builder":"on","_et_pb_old_content":"","_et_gb_content_width":""},"_links":{"self":[{"href":"https:\/\/m3net.com\/index.php?rest_route=\/wp\/v2\/pages\/198"}],"collection":[{"href":"https:\/\/m3net.com\/index.php?rest_route=\/wp\/v2\/pages"}],"about":[{"href":"https:\/\/m3net.com\/index.php?rest_route=\/wp\/v2\/types\/page"}],"author":[{"embeddable":true,"href":"https:\/\/m3net.com\/index.php?rest_route=\/wp\/v2\/users\/1"}],"replies":[{"embeddable":true,"href":"https:\/\/m3net.com\/index.php?rest_route=%2Fwp%2Fv2%2Fcomments&post=198"}],"version-history":[{"count":2,"href":"https:\/\/m3net.com\/index.php?rest_route=\/wp\/v2\/pages\/198\/revisions"}],"predecessor-version":[{"id":201,"href":"https:\/\/m3net.com\/index.php?rest_route=\/wp\/v2\/pages\/198\/revisions\/201"}],"up":[{"embeddable":true,"href":"https:\/\/m3net.com\/index.php?rest_route=\/wp\/v2\/pages\/105"}],"wp:attachment":[{"href":"https:\/\/m3net.com\/index.php?rest_route=%2Fwp%2Fv2%2Fmedia&parent=198"}],"curies":[{"name":"wp","href":"https:\/\/api.w.org\/{rel}","templated":true}]}}