{"id":50,"date":"2020-06-17T12:46:39","date_gmt":"2020-06-17T12:46:39","guid":{"rendered":"https:\/\/m3net.com\/?page_id=50"},"modified":"2020-06-17T12:52:05","modified_gmt":"2020-06-17T12:52:05","slug":"finden-beschaffen","status":"publish","type":"page","link":"https:\/\/m3net.com\/?page_id=50","title":{"rendered":"finden &#8211; beschaffen"},"content":{"rendered":"<p>[et_pb_section fb_built=&#8220;1&#8243; _builder_version=&#8220;4.4.8&#8243; custom_margin=&#8220;0px|0px|0px|0px|false|false&#8220; custom_padding=&#8220;0px|0px|0px|0px|false|false&#8220;][et_pb_row _builder_version=&#8220;4.4.8&#8243; width=&#8220;100%&#8220; custom_margin=&#8220;0px|0px|0px|0px|false|false&#8220; custom_padding=&#8220;0px|0px|0px|0px|false|false&#8220;][et_pb_column type=&#8220;4_4&#8243; _builder_version=&#8220;4.4.8&#8243;][et_pb_image src=&#8220;https:\/\/m3net.com\/wp-content\/uploads\/2020\/06\/about03_07.jpg&#8220; title_text=&#8220;about03_07&#8243; force_fullwidth=&#8220;on&#8220; _builder_version=&#8220;4.4.8&#8243; hover_enabled=&#8220;0&#8243;][\/et_pb_image][\/et_pb_column][\/et_pb_row][et_pb_row _builder_version=&#8220;4.4.8&#8243;][et_pb_column type=&#8220;4_4&#8243; _builder_version=&#8220;4.4.8&#8243;][et_pb_text _builder_version=&#8220;4.4.8&#8243; custom_margin=&#8220;||0px||false|false&#8220;]<\/p>\n<h2>finden &amp; beschaffen<\/h2>\n<p>[\/et_pb_text][et_pb_divider _builder_version=&#8220;4.4.8&#8243; height=&#8220;1px&#8220; custom_margin=&#8220;||0px||false|false&#8220; custom_padding=&#8220;||0px||false|false&#8220;][\/et_pb_divider][\/et_pb_column][\/et_pb_row][et_pb_row column_structure=&#8220;1_2,1_2&#8243; _builder_version=&#8220;4.4.8&#8243; custom_margin=&#8220;0px||||false|false&#8220; custom_padding=&#8220;0px||||false|false&#8220;][et_pb_column type=&#8220;1_2&#8243; _builder_version=&#8220;4.4.8&#8243;][et_pb_text _builder_version=&#8220;4.4.8&#8243; text_font_size=&#8220;16px&#8220;]<\/p>\n<p><span class=\"body\">Gleicher Rechercheaufwand f\u00fcr kleine bis extrem grosse Auflagen.<\/span><\/p>\n<p><span class=\"body\">Unser Engagement, welches wir gerne zu Ihrer Verf\u00fcgung stellen, ist unabh\u00e4ngig vom Umsatz.<\/span><\/p>\n<p><span class=\"body\">Unser besonderes Augenmerk liegt auf bestem Preis- Leistungsverh\u00e4ltnis des Endproduktes.<\/span><\/p>\n<p>[\/et_pb_text][\/et_pb_column][et_pb_column type=&#8220;1_2&#8243; _builder_version=&#8220;4.4.8&#8243;][\/et_pb_column][\/et_pb_row][\/et_pb_section]<\/p>\n","protected":false},"excerpt":{"rendered":"<p>finden &amp; beschaffenGleicher Rechercheaufwand f\u00fcr kleine bis extrem grosse Auflagen. Unser Engagement, welches wir gerne zu Ihrer Verf\u00fcgung stellen, ist unabh\u00e4ngig vom Umsatz. Unser besonderes Augenmerk liegt auf bestem Preis- Leistungsverh\u00e4ltnis des Endproduktes.<\/p>\n","protected":false},"author":1,"featured_media":0,"parent":20,"menu_order":20,"comment_status":"closed","ping_status":"closed","template":"","meta":{"_et_pb_use_builder":"on","_et_pb_old_content":"","_et_gb_content_width":""},"_links":{"self":[{"href":"https:\/\/m3net.com\/index.php?rest_route=\/wp\/v2\/pages\/50"}],"collection":[{"href":"https:\/\/m3net.com\/index.php?rest_route=\/wp\/v2\/pages"}],"about":[{"href":"https:\/\/m3net.com\/index.php?rest_route=\/wp\/v2\/types\/page"}],"author":[{"embeddable":true,"href":"https:\/\/m3net.com\/index.php?rest_route=\/wp\/v2\/users\/1"}],"replies":[{"embeddable":true,"href":"https:\/\/m3net.com\/index.php?rest_route=%2Fwp%2Fv2%2Fcomments&post=50"}],"version-history":[{"count":3,"href":"https:\/\/m3net.com\/index.php?rest_route=\/wp\/v2\/pages\/50\/revisions"}],"predecessor-version":[{"id":68,"href":"https:\/\/m3net.com\/index.php?rest_route=\/wp\/v2\/pages\/50\/revisions\/68"}],"up":[{"embeddable":true,"href":"https:\/\/m3net.com\/index.php?rest_route=\/wp\/v2\/pages\/20"}],"wp:attachment":[{"href":"https:\/\/m3net.com\/index.php?rest_route=%2Fwp%2Fv2%2Fmedia&parent=50"}],"curies":[{"name":"wp","href":"https:\/\/api.w.org\/{rel}","templated":true}]}}